{"id":6325,"date":"2017-10-27T19:09:14","date_gmt":"2017-10-27T17:09:14","guid":{"rendered":"https:\/\/www.ursulafatton.com\/copy-of-bio\/"},"modified":"2019-07-12T12:57:19","modified_gmt":"2019-07-12T10:57:19","slug":"bio","status":"publish","type":"page","link":"https:\/\/www.ursulafatton.com\/de\/bio\/","title":{"rendered":"Bio"},"content":{"rendered":"\t\t<div data-elementor-type=\"wp-post\" data-elementor-id=\"6325\" class=\"elementor elementor-6325\">\n\t\t\t\t\t\t<section class=\"elementor-section elementor-top-section elementor-element elementor-element-e2a641d elementor-section-height-full animated-slow ursubio elementor-section-boxed elementor-section-height-default elementor-section-items-middle elementor-invisible\" data-id=\"e2a641d\" data-element_type=\"section\" data-settings=\"{&quot;background_background&quot;:&quot;classic&quot;,&quot;animation&quot;:&quot;fadeIn&quot;}\">\n\t\t\t\t\t\t<div class=\"elementor-container elementor-column-gap-default\">\n\t\t\t\t\t<div class=\"elementor-column elementor-col-100 elementor-top-column elementor-element elementor-element-4abaacb\" data-id=\"4abaacb\" data-element_type=\"column\">\n\t\t\t<div class=\"elementor-widget-wrap\">\n\t\t\t\t\t\t\t<\/div>\n\t\t<\/div>\n\t\t\t\t\t<\/div>\n\t\t<\/section>\n\t\t\t\t<section class=\"elementor-section elementor-top-section elementor-element elementor-element-c13becd bioresp elementor-section-boxed elementor-section-height-default elementor-section-height-default\" data-id=\"c13becd\" data-element_type=\"section\" data-settings=\"{&quot;background_background&quot;:&quot;classic&quot;}\">\n\t\t\t\t\t\t<div class=\"elementor-container elementor-column-gap-default\">\n\t\t\t\t\t<div class=\"elementor-column elementor-col-100 elementor-top-column elementor-element elementor-element-14db15f\" data-id=\"14db15f\" data-element_type=\"column\">\n\t\t\t<div class=\"elementor-widget-wrap elementor-element-populated\">\n\t\t\t\t\t\t<section class=\"elementor-section elementor-inner-section elementor-element elementor-element-8cf3d57 elementor-section-boxed elementor-section-height-default elementor-section-height-default\" data-id=\"8cf3d57\" data-element_type=\"section\">\n\t\t\t\t\t\t<div class=\"elementor-container elementor-column-gap-default\">\n\t\t\t\t\t<div class=\"elementor-column elementor-col-50 elementor-inner-column elementor-element elementor-element-751c3cc\" data-id=\"751c3cc\" data-element_type=\"column\">\n\t\t\t<div class=\"elementor-widget-wrap elementor-element-populated\">\n\t\t\t\t\t\t<div class=\"elementor-element elementor-element-9293905 aboutmetit elementor-invisible elementor-widget elementor-widget-heading\" data-id=\"9293905\" data-element_type=\"widget\" data-settings=\"{&quot;_animation&quot;:&quot;fadeInUp&quot;,&quot;_animation_delay&quot;:900}\" data-widget_type=\"heading.default\">\n\t\t\t\t<div class=\"elementor-widget-container\">\n\t\t\t\t\t<h2 class=\"elementor-heading-title elementor-size-default\">\u00dcBER MICH<\/h2>\t\t\t\t<\/div>\n\t\t\t\t<\/div>\n\t\t\t\t<div class=\"elementor-element elementor-element-cb911a6 textogrande elementor-invisible elementor-widget elementor-widget-heading\" data-id=\"cb911a6\" data-element_type=\"widget\" data-settings=\"{&quot;_animation&quot;:&quot;fadeInUp&quot;,&quot;_animation_delay&quot;:200}\" data-widget_type=\"heading.default\">\n\t\t\t\t<div class=\"elementor-widget-container\">\n\t\t\t\t\t<h2 class=\"elementor-heading-title elementor-size-default\">Charakteristisch f\u00fcr die Schweizer Harfenistin Ursula Fatton ist ihre Begeisterung f\u00fcr die Arbeit im Orchester, sei es in der Oper, im Ballett oder bei symphonischem Repertoire. \n<br>Pr\u00e4gende Erlebnisse in ihrem beruflichen Werdegang waren Auftritte mit den Wiener Philharmonikern, in der Wiener Staatsoper, im Radio-Symphonieorchester Wien, aber auch ihre Jahre als Soloharfenistin am Staatstheater Braunschweig.<\/h2>\t\t\t\t<\/div>\n\t\t\t\t<\/div>\n\t\t\t\t\t<\/div>\n\t\t<\/div>\n\t\t\t\t<div class=\"elementor-column elementor-col-50 elementor-inner-column elementor-element elementor-element-d8b3321\" data-id=\"d8b3321\" data-element_type=\"column\">\n\t\t\t<div class=\"elementor-widget-wrap elementor-element-populated\">\n\t\t\t\t\t\t<div class=\"elementor-element elementor-element-6ae7aec elementor-widget-divider--view-line elementor-invisible elementor-widget elementor-widget-divider\" data-id=\"6ae7aec\" data-element_type=\"widget\" data-settings=\"{&quot;_animation&quot;:&quot;fadeInUp&quot;,&quot;_animation_delay&quot;:900}\" data-widget_type=\"divider.default\">\n\t\t\t\t<div class=\"elementor-widget-container\">\n\t\t\t\t\t\t\t<div class=\"elementor-divider\">\n\t\t\t<span class=\"elementor-divider-separator\">\n\t\t\t\t\t\t<\/span>\n\t\t<\/div>\n\t\t\t\t\t\t<\/div>\n\t\t\t\t<\/div>\n\t\t\t\t<div class=\"elementor-element elementor-element-5fdd14d elementor-drop-cap-yes elementor-drop-cap-view-default elementor-invisible elementor-widget elementor-widget-text-editor\" data-id=\"5fdd14d\" data-element_type=\"widget\" data-settings=\"{&quot;drop_cap&quot;:&quot;yes&quot;,&quot;_animation&quot;:&quot;fadeInUp&quot;,&quot;_animation_delay&quot;:200}\" data-widget_type=\"text-editor.default\">\n\t\t\t\t<div class=\"elementor-widget-container\">\n\t\t\t\t\t\t\t\t\t<p class=\"p1\">Ihr weites berufliches Bet\u00e4tigungsfeld gab ihr die<span class=\"Apple-converted-space\">\u00a0 <\/span>bereichernde M\u00f6glichkeit, unter bedeutenden Dirigenten wie Lorin Maazel, Mariss Jansons, Sir Simon Rattle, Daniel Barenboim, Christian Thielemann, Zubin Mehta, Kirill Petrenko, Semyon Bychkov und Riccardo Muti zu konzertieren.<\/p><p>\u00a0<\/p><p class=\"p1\">Ihre Laufbahn im Orchester begann bereits w\u00e4hrend des Studiums als Harfenistin im Landestheater Niederbayern in Passau. Anschlie\u00dfend gewann Ursula die Position f\u00fcr Solo-Harfe am Staatstheater Braunschweig, die sie 10 Jahre innehatte.<\/p><p>\u00a0<\/p><p class=\"p1\">In dieser Zeit gastierte sie in zahlreichen Orchestern wie dem Gewandhausorchester Leipzig, dem Oslo Philharmonic Orchestra, der Staatsoper Hannover oder dem Staatstheater Kassel.<\/p>\t\t\t\t\t\t\t\t<\/div>\n\t\t\t\t<\/div>\n\t\t\t\t\t<\/div>\n\t\t<\/div>\n\t\t\t\t\t<\/div>\n\t\t<\/section>\n\t\t\t\t\t<\/div>\n\t\t<\/div>\n\t\t\t\t\t<\/div>\n\t\t<\/section>\n\t\t\t\t<section class=\"elementor-section elementor-top-section elementor-element elementor-element-83bd619 elementor-section-boxed elementor-section-height-default elementor-section-height-default\" data-id=\"83bd619\" data-element_type=\"section\">\n\t\t\t\t\t\t<div class=\"elementor-container elementor-column-gap-wide\">\n\t\t\t\t\t<div class=\"elementor-column elementor-col-50 elementor-top-column elementor-element elementor-element-b6fa622\" data-id=\"b6fa622\" data-element_type=\"column\">\n\t\t\t<div class=\"elementor-widget-wrap elementor-element-populated\">\n\t\t\t\t\t\t<div class=\"elementor-element elementor-element-5c424c3 elementor-widget elementor-widget-text-editor\" data-id=\"5c424c3\" data-element_type=\"widget\" data-widget_type=\"text-editor.default\">\n\t\t\t\t<div class=\"elementor-widget-container\">\n\t\t\t\t\t\t\t\t\t<p class=\"p1\">2013 f\u00fchrte sie ein Zeitvertrag an die Wiener Staatsoper, was sich als wegweisend f\u00fcr Ursulas k\u00fcnstlerische Zukunft herausstellte. Das immense und abwechslungsreiche Repertoire an der Wiener Staatsoper, Konzerte und Reisen mit den Wiener Philharmonikern, die Mitwirkung bei den Salzburger Festspielen und nicht zuletzt viele kammermusikalische Projekte und musikalische Freundschaften bewogen Ursula dazu, ihren Lebensmittelpunkt nach Wien zu verlegen. Seither arbeitet sie freiberuflich in der Wiener Staatsoper, bei den Wiener Philharmonikern, im Radio Symphonieorchester Wien, dem Klangforum Wien, aber auch international, etwa im Bergen Philharmonic Orchestra, dem Kongelige Teater Kopenhagen, der Norske Opera Oslo, der Bayerischen Staatsoper oder bei den Festival Strings Lucerne.\u00a0<\/p><p class=\"p1\">Neben ihrer Leidenschaft f\u00fcr die Arbeit im Orchester widmet sich Ursula der Kammermusik in unterschiedlichen Besetzungen, sie spielte unter anderem mit Ingolf Turban und Kaspar Zehnder, mit Leo Nucci und seinen Philharmonischen Freunden und ist Mitbegr\u00fcnderin des Wiener Grabenensembles mit der Sopranistin Caroline Wenborne.<\/p>\t\t\t\t\t\t\t\t<\/div>\n\t\t\t\t<\/div>\n\t\t\t\t\t<\/div>\n\t\t<\/div>\n\t\t\t\t<div class=\"elementor-column elementor-col-50 elementor-top-column elementor-element elementor-element-431b1ef\" data-id=\"431b1ef\" data-element_type=\"column\">\n\t\t\t<div class=\"elementor-widget-wrap elementor-element-populated\">\n\t\t\t\t\t\t<div class=\"elementor-element elementor-element-7f21741 elementor-widget elementor-widget-text-editor\" data-id=\"7f21741\" data-element_type=\"widget\" data-widget_type=\"text-editor.default\">\n\t\t\t\t<div class=\"elementor-widget-container\">\n\t\t\t\t\t\t\t\t\t<p class=\"p1\">Besonders am Herzen liegen ihr sparten\u00fcbergreifende Kunstprojekte, wie die<span class=\"Apple-converted-space\">\u00a0 <\/span>Zusammenarbeit mit der Schauspielerin Isabel Karajan oder ein Programm mit T\u00e4nzern und Musikensemble, das sie mit der Harfenistin Anna Verkholantseva realisierte.<\/p><p class=\"p1\">Eine gelungene Erweiterung des Repertoires f\u00fcr Violine und Harfe stellen die 6 Sonaten von Ignaz Josef Pleyel dar. Gemeinsam mit dem Geiger Raimund Lissy spielte Ursula diese wiederentdeckten Fundst\u00fccke 2017 auf CD ein.<\/p><p class=\"p1\">Ihr Studium absolvierte Ursula bei Prof. Helga Storck an der Hochschule f\u00fcr<span class=\"Apple-converted-space\">\u00a0 <\/span>Musik und Theater M\u00fcnchen und schloss mit dem Meisterklassendiplom ab.<\/p><p class=\"p1\">Weitere wichtige musikalische Impulse erhielt sie im privaten Unterricht mit Germaine Lorenzini, ebenso von Isabelle Moretti, Daphne Boden und Charlotte Balzereit. Sie war mehrere Jahre Stipendiatin der Stiftung Ruth und Ernst Burkhalter und der Yehudi Menuhin Stiftung \u201eLive Music Now\u201c und wurde gef\u00f6rdert durch Credit Suisse.<\/p>\t\t\t\t\t\t\t\t<\/div>\n\t\t\t\t<\/div>\n\t\t\t\t\t<\/div>\n\t\t<\/div>\n\t\t\t\t\t<\/div>\n\t\t<\/section>\n\t\t\t\t<\/div>\n\t\t","protected":false},"excerpt":{"rendered":"<p>\u00dcBER MICH Charakteristisch f\u00fcr die Schweizer Harfenistin Ursula Fatton ist ihre Begeisterung f\u00fcr die Arbeit im Orchester, sei es in [&hellip;]<\/p>\n","protected":false},"author":1,"featured_media":0,"parent":0,"menu_order":0,"comment_status":"closed","ping_status":"closed","template":"","meta":{"footnotes":""},"class_list":["post-6325","page","type-page","status-publish","hentry"],"aioseo_notices":[],"jetpack_sharing_enabled":true,"acf":[],"_links":{"self":[{"href":"https:\/\/www.ursulafatton.com\/de\/wp-json\/wp\/v2\/pages\/6325","targetHints":{"allow":["GET"]}}],"collection":[{"href":"https:\/\/www.ursulafatton.com\/de\/wp-json\/wp\/v2\/pages"}],"about":[{"href":"https:\/\/www.ursulafatton.com\/de\/wp-json\/wp\/v2\/types\/page"}],"author":[{"embeddable":true,"href":"https:\/\/www.ursulafatton.com\/de\/wp-json\/wp\/v2\/users\/1"}],"replies":[{"embeddable":true,"href":"https:\/\/www.ursulafatton.com\/de\/wp-json\/wp\/v2\/comments?post=6325"}],"version-history":[{"count":9,"href":"https:\/\/www.ursulafatton.com\/de\/wp-json\/wp\/v2\/pages\/6325\/revisions"}],"predecessor-version":[{"id":6601,"href":"https:\/\/www.ursulafatton.com\/de\/wp-json\/wp\/v2\/pages\/6325\/revisions\/6601"}],"wp:attachment":[{"href":"https:\/\/www.ursulafatton.com\/de\/wp-json\/wp\/v2\/media?parent=6325"}],"curies":[{"name":"wp","href":"https:\/\/api.w.org\/{rel}","templated":true}]}}